{"id":1797,"date":"2025-11-18T16:01:49","date_gmt":"2025-11-18T15:01:49","guid":{"rendered":"https:\/\/development.hereandnow.studio\/schwanenhoefe\/?page_id=1797"},"modified":"2026-03-12T13:38:18","modified_gmt":"2026-03-12T12:38:18","slug":"impressum","status":"publish","type":"page","link":"https:\/\/www.schwanenhoefe.de\/en\/impressum\/","title":{"rendered":"Legal notice"},"content":{"rendered":"<div data-elementor-type=\"wp-page\" data-elementor-id=\"1797\" class=\"elementor elementor-1797\" data-elementor-post-type=\"page\">\n\t\t\t\t<div class=\"elementor-element elementor-element-82dfb5f e-flex e-con-boxed e-con e-parent\" data-id=\"82dfb5f\" data-element_type=\"container\" data-e-type=\"container\">\n\t\t\t\t\t<div class=\"e-con-inner\">\n\t\t\t\t<div class=\"elementor-element elementor-element-927127b elementor-widget elementor-widget-heading\" data-id=\"927127b\" data-element_type=\"widget\" data-e-type=\"widget\" data-widget_type=\"heading.default\">\n\t\t\t\t\t<h2 class=\"elementor-heading-title elementor-size-default\">Legal notice<\/h2>\t\t\t\t<\/div>\n\t\t\t\t<div class=\"elementor-element elementor-element-dc80be3 elementor-widget elementor-widget-spacer\" data-id=\"dc80be3\" data-element_type=\"widget\" data-e-type=\"widget\" data-widget_type=\"spacer.default\">\n\t\t\t\t\t\t\t<div class=\"elementor-spacer\">\n\t\t\t<div class=\"elementor-spacer-inner\"><\/div>\n\t\t<\/div>\n\t\t\t\t\t\t<\/div>\n\t\t\t\t\t<\/div>\n\t\t\t\t<\/div>\n\t\t<div class=\"elementor-element elementor-element-d964346 e-flex e-con-boxed e-con e-parent\" data-id=\"d964346\" data-element_type=\"container\" data-e-type=\"container\">\n\t\t\t\t\t<div class=\"e-con-inner\">\n\t\t\t\t<div class=\"elementor-element elementor-element-b1f1543 elementor-widget elementor-widget-heading\" data-id=\"b1f1543\" data-element_type=\"widget\" data-e-type=\"widget\" data-widget_type=\"heading.default\">\n\t\t\t\t\t<h2 class=\"elementor-heading-title elementor-size-default\">Information pursuant to Section 5 of the German Telemedia Act (TMG):<\/h2>\t\t\t\t<\/div>\n\t\t\t\t<div class=\"elementor-element elementor-element-fd09d44 elementor-widget elementor-widget-text-editor\" data-id=\"fd09d44\" data-element_type=\"widget\" data-e-type=\"widget\" data-widget_type=\"text-editor.default\">\n\t\t\t\t\t\t\t\t\t<p>Schwanenh\u00f6fe Grundst\u00fccks\u00adgesell\u00adschaft&nbsp;mbH &amp;&nbsp;Co.&nbsp;KG<br>Alt M\u00fchlrath 9<br>41516 Greven\u00adbroich<\/p>\t\t\t\t\t\t\t\t<\/div>\n\t\t\t\t<div class=\"elementor-element elementor-element-ad85c9b elementor-widget elementor-widget-spacer\" data-id=\"ad85c9b\" data-element_type=\"widget\" data-e-type=\"widget\" data-widget_type=\"spacer.default\">\n\t\t\t\t\t\t\t<div class=\"elementor-spacer\">\n\t\t\t<div class=\"elementor-spacer-inner\"><\/div>\n\t\t<\/div>\n\t\t\t\t\t\t<\/div>\n\t\t\t\t<div class=\"elementor-element elementor-element-89a7b58 elementor-widget elementor-widget-heading\" data-id=\"89a7b58\" data-element_type=\"widget\" data-e-type=\"widget\" data-widget_type=\"heading.default\">\n\t\t\t\t\t<h2 class=\"elementor-heading-title elementor-size-default\">Represented by:<\/h2>\t\t\t\t<\/div>\n\t\t\t\t<div class=\"elementor-element elementor-element-26a9464 elementor-widget elementor-widget-text-editor\" data-id=\"26a9464\" data-element_type=\"widget\" data-e-type=\"widget\" data-widget_type=\"text-editor.default\">\n\t\t\t\t\t\t\t\t\t<p>Managing Director: Volker Busse<\/p>\t\t\t\t\t\t\t\t<\/div>\n\t\t\t\t<div class=\"elementor-element elementor-element-1c7238c elementor-widget elementor-widget-spacer\" data-id=\"1c7238c\" data-element_type=\"widget\" data-e-type=\"widget\" data-widget_type=\"spacer.default\">\n\t\t\t\t\t\t\t<div class=\"elementor-spacer\">\n\t\t\t<div class=\"elementor-spacer-inner\"><\/div>\n\t\t<\/div>\n\t\t\t\t\t\t<\/div>\n\t\t\t\t<div class=\"elementor-element elementor-element-e3eb727 elementor-widget elementor-widget-heading\" data-id=\"e3eb727\" data-element_type=\"widget\" data-e-type=\"widget\" data-widget_type=\"heading.default\">\n\t\t\t\t\t<h2 class=\"elementor-heading-title elementor-size-default\">Contact:<\/h2>\t\t\t\t<\/div>\n\t\t\t\t<div class=\"elementor-element elementor-element-f3c6e03 elementor-widget elementor-widget-text-editor\" data-id=\"f3c6e03\" data-element_type=\"widget\" data-e-type=\"widget\" data-widget_type=\"text-editor.default\">\n\t\t\t\t\t\t\t\t\t<p>Phone: 0211 779 290 51<br>Email:&nbsp;<a class=\"mailto-link\" href=\"mailto:info@schwanenhoefe.de\" target=\"_blank\" rel=\"noopener noreferrer\">info@schwanenhoefe.de<\/a><\/p>\t\t\t\t\t\t\t\t<\/div>\n\t\t\t\t<div class=\"elementor-element elementor-element-5f6bdd0 elementor-widget elementor-widget-spacer\" data-id=\"5f6bdd0\" data-element_type=\"widget\" data-e-type=\"widget\" data-widget_type=\"spacer.default\">\n\t\t\t\t\t\t\t<div class=\"elementor-spacer\">\n\t\t\t<div class=\"elementor-spacer-inner\"><\/div>\n\t\t<\/div>\n\t\t\t\t\t\t<\/div>\n\t\t\t\t<div class=\"elementor-element elementor-element-8ddc465 elementor-widget elementor-widget-heading\" data-id=\"8ddc465\" data-element_type=\"widget\" data-e-type=\"widget\" data-widget_type=\"heading.default\">\n\t\t\t\t\t<h2 class=\"elementor-heading-title elementor-size-default\">Register entry:<\/h2>\t\t\t\t<\/div>\n\t\t\t\t<div class=\"elementor-element elementor-element-ab0b392 elementor-widget elementor-widget-text-editor\" data-id=\"ab0b392\" data-element_type=\"widget\" data-e-type=\"widget\" data-widget_type=\"text-editor.default\">\n\t\t\t\t\t\t\t\t\t<p>Entry in the commer\u00adcial register.<br>Register court: Amts\u00adgericht M\u00f6nchenglad\u00adbach<br>Regis\u00adtra\u00adtion number: HRA 6533<\/p>\t\t\t\t\t\t\t\t<\/div>\n\t\t\t\t<div class=\"elementor-element elementor-element-73b0791 elementor-widget elementor-widget-spacer\" data-id=\"73b0791\" data-element_type=\"widget\" data-e-type=\"widget\" data-widget_type=\"spacer.default\">\n\t\t\t\t\t\t\t<div class=\"elementor-spacer\">\n\t\t\t<div class=\"elementor-spacer-inner\"><\/div>\n\t\t<\/div>\n\t\t\t\t\t\t<\/div>\n\t\t\t\t<div class=\"elementor-element elementor-element-7c44fb5 elementor-widget elementor-widget-heading\" data-id=\"7c44fb5\" data-element_type=\"widget\" data-e-type=\"widget\" data-widget_type=\"heading.default\">\n\t\t\t\t\t<h2 class=\"elementor-heading-title elementor-size-default\">Concept, design and programming:<\/h2>\t\t\t\t<\/div>\n\t\t\t\t<div class=\"elementor-element elementor-element-a49e5a4 elementor-widget elementor-widget-text-editor\" data-id=\"a49e5a4\" data-element_type=\"widget\" data-e-type=\"widget\" data-widget_type=\"text-editor.default\">\n\t\t\t\t\t\t\t\t\t<p><a href=\"https:\/\/www.hereandnow.studio\" target=\"_blank\" rel=\"noopener\">HERE AND NOW Studio<\/a><\/p>\t\t\t\t\t\t\t\t<\/div>\n\t\t\t\t<div class=\"elementor-element elementor-element-cef574f elementor-widget elementor-widget-spacer\" data-id=\"cef574f\" data-element_type=\"widget\" data-e-type=\"widget\" data-widget_type=\"spacer.default\">\n\t\t\t\t\t\t\t<div class=\"elementor-spacer\">\n\t\t\t<div class=\"elementor-spacer-inner\"><\/div>\n\t\t<\/div>\n\t\t\t\t\t\t<\/div>\n\t\t\t\t<div class=\"elementor-element elementor-element-337ccf6 elementor-widget elementor-widget-heading\" data-id=\"337ccf6\" data-element_type=\"widget\" data-e-type=\"widget\" data-widget_type=\"heading.default\">\n\t\t\t\t\t<h2 class=\"elementor-heading-title elementor-size-default\">Dispute resolution:<\/h2>\t\t\t\t<\/div>\n\t\t\t\t<div class=\"elementor-element elementor-element-bb65c05 elementor-widget elementor-widget-text-editor\" data-id=\"bb65c05\" data-element_type=\"widget\" data-e-type=\"widget\" data-widget_type=\"text-editor.default\">\n\t\t\t\t\t\t\t\t\t<p>We are not willing or obliged to parti\u00adcipate in dispute resol\u00adu\u00adtion proceed\u00adings before a consumer arbit\u00adra\u00adtion board.<\/p>\t\t\t\t\t\t\t\t<\/div>\n\t\t\t\t<div class=\"elementor-element elementor-element-d3155b8 elementor-widget elementor-widget-spacer\" data-id=\"d3155b8\" data-element_type=\"widget\" data-e-type=\"widget\" data-widget_type=\"spacer.default\">\n\t\t\t\t\t\t\t<div class=\"elementor-spacer\">\n\t\t\t<div class=\"elementor-spacer-inner\"><\/div>\n\t\t<\/div>\n\t\t\t\t\t\t<\/div>\n\t\t\t\t<div class=\"elementor-element elementor-element-59daa9b elementor-widget elementor-widget-heading\" data-id=\"59daa9b\" data-element_type=\"widget\" data-e-type=\"widget\" data-widget_type=\"heading.default\">\n\t\t\t\t\t<h2 class=\"elementor-heading-title elementor-size-default\">Liability for content:<\/h2>\t\t\t\t<\/div>\n\t\t\t\t<div class=\"elementor-element elementor-element-40f777d elementor-widget elementor-widget-text-editor\" data-id=\"40f777d\" data-element_type=\"widget\" data-e-type=\"widget\" data-widget_type=\"text-editor.default\">\n\t\t\t\t\t\t\t\t\t<p>As a service provider, we are respons\u00adible for our own content on these pages in accord\u00adance with \u00a7 7 para. 1 TMG (German Tele\u00admedia Act) and general laws. However, according to \u00a7\u00a7 8 to 10 TMG, we are not obliged as a service provider to monitor trans\u00admitted or stored third-party inform\u00ada\u00adtion or to invest\u00adigate circum\u00adstances that indicate illegal activity.<\/p><p>Oblig\u00ada\u00adtions to remove or block the use of inform\u00ada\u00adtion in accord\u00adance with general laws remain unaf\u00adfected by this. However, liab\u00adility in this regard is only possible from the point in time at which we become aware of a specific legal viol\u00ada\u00adtion. If we become aware of any such legal viol\u00ada\u00adtions, we will remove this content imme\u00addi\u00adately.<\/p>\t\t\t\t\t\t\t\t<\/div>\n\t\t\t\t<div class=\"elementor-element elementor-element-bafa32e elementor-widget elementor-widget-spacer\" data-id=\"bafa32e\" data-element_type=\"widget\" data-e-type=\"widget\" data-widget_type=\"spacer.default\">\n\t\t\t\t\t\t\t<div class=\"elementor-spacer\">\n\t\t\t<div class=\"elementor-spacer-inner\"><\/div>\n\t\t<\/div>\n\t\t\t\t\t\t<\/div>\n\t\t\t\t<div class=\"elementor-element elementor-element-8aaf636 elementor-widget elementor-widget-heading\" data-id=\"8aaf636\" data-element_type=\"widget\" data-e-type=\"widget\" data-widget_type=\"heading.default\">\n\t\t\t\t\t<h2 class=\"elementor-heading-title elementor-size-default\">Liability for links:<\/h2>\t\t\t\t<\/div>\n\t\t\t\t<div class=\"elementor-element elementor-element-1f7baa8 elementor-widget elementor-widget-text-editor\" data-id=\"1f7baa8\" data-element_type=\"widget\" data-e-type=\"widget\" data-widget_type=\"text-editor.default\">\n\t\t\t\t\t\t\t\t\t<p>Our website contains links to external third-party websites over whose content we have no influ\u00adence. We there\u00adfore cannot accept any liab\u00adility for this external content. The respective provider or oper\u00adator of the linked pages is always respons\u00adible for their content. The linked pages were checked for possible legal viol\u00ada\u00adtions at the time of linking. No illegal content was iden\u00adti\u00adfied at the time of linking.<\/p><p>However, permanent monit\u00adoring of the content of linked pages is not reas\u00adon\u00adable without concrete evid\u00adence of a viol\u00ada\u00adtion of the law. If we become aware of any viol\u00ada\u00adtions of the law, we will remove such links imme\u00addi\u00adately.<\/p>\t\t\t\t\t\t\t\t<\/div>\n\t\t\t\t<div class=\"elementor-element elementor-element-c87743b elementor-widget elementor-widget-spacer\" data-id=\"c87743b\" data-element_type=\"widget\" data-e-type=\"widget\" data-widget_type=\"spacer.default\">\n\t\t\t\t\t\t\t<div class=\"elementor-spacer\">\n\t\t\t<div class=\"elementor-spacer-inner\"><\/div>\n\t\t<\/div>\n\t\t\t\t\t\t<\/div>\n\t\t\t\t<div class=\"elementor-element elementor-element-cb50d51 elementor-widget elementor-widget-heading\" data-id=\"cb50d51\" data-element_type=\"widget\" data-e-type=\"widget\" data-widget_type=\"heading.default\">\n\t\t\t\t\t<h2 class=\"elementor-heading-title elementor-size-default\">Copyright:<\/h2>\t\t\t\t<\/div>\n\t\t\t\t<div class=\"elementor-element elementor-element-fb3d165 elementor-widget elementor-widget-text-editor\" data-id=\"fb3d165\" data-element_type=\"widget\" data-e-type=\"widget\" data-widget_type=\"text-editor.default\">\n\t\t\t\t\t\t\t\t\t<p>The content and works on these pages created by the site oper\u00adators are subject to German copy\u00adright law. The repro\u00adduc\u00adtion, editing, distri\u00adbu\u00adtion and any kind of use outside the limits of copy\u00adright law require the written consent of the respective author or creator. Down\u00adloads and copies of this site are only permitted for private, non-commer\u00adcial use.<\/p><p>Insofar as the content on this site was not created by the oper\u00adator, the copy\u00adrights of third parties are respected. In partic\u00adular, third-party content is iden\u00adti\u00adfied as such. Should you never\u00adthe\u00adless become aware of a copy\u00adright infringe\u00adment, please inform us accord\u00adingly. If we become aware of any infringe\u00adments, we will remove such content imme\u00addi\u00adately.<\/p>\t\t\t\t\t\t\t\t<\/div>\n\t\t\t\t<div class=\"elementor-element elementor-element-e2fab9f elementor-widget elementor-widget-spacer\" data-id=\"e2fab9f\" data-element_type=\"widget\" data-e-type=\"widget\" data-widget_type=\"spacer.default\">\n\t\t\t\t\t\t\t<div class=\"elementor-spacer\">\n\t\t\t<div class=\"elementor-spacer-inner\"><\/div>\n\t\t<\/div>\n\t\t\t\t\t\t<\/div>\n\t\t\t\t<div class=\"elementor-element elementor-element-0b7c01f elementor-widget elementor-widget-spacer\" data-id=\"0b7c01f\" data-element_type=\"widget\" data-e-type=\"widget\" data-widget_type=\"spacer.default\">\n\t\t\t\t\t\t\t<div class=\"elementor-spacer\">\n\t\t\t<div class=\"elementor-spacer-inner\"><\/div>\n\t\t<\/div>\n\t\t\t\t\t\t<\/div>\n\t\t\t\t\t<\/div>\n\t\t\t\t<\/div>\n\t\t\t\t<\/div>","protected":false},"excerpt":{"rendered":"<p>Impressum Angaben gem\u00e4\u00df \u00a7 5 TMG: Schwanenh\u00f6fe Grundst\u00fccksgesellschaft\u00a0mbH &amp;\u00a0Co.\u00a0KGAlt M\u00fchlrath 941516 Grevenbroich Vertreten durch: Gesch\u00e4ftsf\u00fchrer: Volker Busse Kontakt: Telefon: 0211 779 290 51E-Mail:\u00a0info@schwanenhoefe.de Registereintrag: Eintragung im Handelsregister.Registergericht: Amtsgericht M\u00f6nchengladbachRegisternummer: HRA 6533 Konzeption, Design und Programmierung: HERE AND NOW Studio Streitschlichtung: Wir sind nicht bereit oder verpflichtet, an Streitbeilegungsverfahren vor einer Verbraucherschlichtungsstelle teilzunehmen. Haftung f\u00fcr Inhalte: [&hellip;]<\/p>\n","protected":false},"author":1,"featured_media":0,"parent":0,"menu_order":0,"comment_status":"closed","ping_status":"closed","template":"elementor_header_footer","meta":{"inline_featured_image":false,"wp_typography_post_enhancements_disabled":false,"footnotes":""},"class_list":["post-1797","page","type-page","status-publish","hentry"],"_links":{"self":[{"href":"https:\/\/www.schwanenhoefe.de\/en\/wp-json\/wp\/v2\/pages\/1797","targetHints":{"allow":["GET"]}}],"collection":[{"href":"https:\/\/www.schwanenhoefe.de\/en\/wp-json\/wp\/v2\/pages"}],"about":[{"href":"https:\/\/www.schwanenhoefe.de\/en\/wp-json\/wp\/v2\/types\/page"}],"author":[{"embeddable":true,"href":"https:\/\/www.schwanenhoefe.de\/en\/wp-json\/wp\/v2\/users\/1"}],"replies":[{"embeddable":true,"href":"https:\/\/www.schwanenhoefe.de\/en\/wp-json\/wp\/v2\/comments?post=1797"}],"version-history":[{"count":9,"href":"https:\/\/www.schwanenhoefe.de\/en\/wp-json\/wp\/v2\/pages\/1797\/revisions"}],"predecessor-version":[{"id":4481,"href":"https:\/\/www.schwanenhoefe.de\/en\/wp-json\/wp\/v2\/pages\/1797\/revisions\/4481"}],"wp:attachment":[{"href":"https:\/\/www.schwanenhoefe.de\/en\/wp-json\/wp\/v2\/media?parent=1797"}],"curies":[{"name":"wp","href":"https:\/\/api.w.org\/{rel}","templated":true}]}}